{"id":1171,"date":"2023-12-08T10:58:56","date_gmt":"2023-12-08T10:58:56","guid":{"rendered":"https:\/\/centraljob.nl\/dziekujemy-za-potwierdzenie-za-posrednictwem-whatsapp\/"},"modified":"2024-02-14T14:25:52","modified_gmt":"2024-02-14T14:25:52","slug":"dziekujemy-za-potwierdzenie-za-posrednictwem-whatsapp","status":"publish","type":"page","link":"https:\/\/centraljob.nl\/pl\/dziekujemy-za-potwierdzenie-za-posrednictwem-whatsapp\/","title":{"rendered":"Dzi\u0119kujemy za potwierdzenie za po\u015brednictwem Whatsapp"},"content":{"rendered":"<p>Mo\u017cemy teraz wysy\u0142a\u0107 wiadomo\u015bci za po\u015brednictwem WhatsApp. U\u017cywamy WhatsApp, aby komunikowa\u0107 si\u0119 z Tob\u0105 tak dobrze i szybko, jak to mo\u017cliwe.<\/p>\n<p>W zwi\u0105zku z tym obchodzimy si\u0119 z danymi osobowymi u\u017cytkownik\u00f3w w spos\u00f3b ostro\u017cny, bezpieczny i poufny. Wi\u0119cej informacji na ten temat mo\u017cna znale\u017a\u0107 w naszym o\u015bwiadczeniu o ochronie <a href=\"https:\/\/centraljob.nl\/pl\/oswiadczenie-o-ochronie-prywatnosci\/\" target=\"_blank\" rel=\"noopener\">prywatno\u015bci.<\/a><\/p>\n<p>Rozgl\u0105dasz si\u0119 ju\u017c, aby zobaczy\u0107, co mo\u017cemy dla Ciebie zrobi\u0107? Nast\u0119pnie kliknij poni\u017cszy przycisk, aby zapozna\u0107 si\u0119 z aktualnymi ofertami pracy.<\/p>\n<p><span class=\"btn btn-custom btn-lblue\" style=\"background-color: #87b8c5; color: #ffffff;\"><a href=\"https:\/\/centraljob.nl\/?page_id=5\">WOLNE MIEJSCA<\/a><\/span><\/p>\n","protected":false},"excerpt":{"rendered":"<p>Mo\u017cemy teraz wysy\u0142a\u0107 wiadomo\u015bci za po\u015brednictwem WhatsApp. U\u017cywamy WhatsApp, aby komunikowa\u0107 si\u0119 z Tob\u0105 tak dobrze i szybko, jak to mo\u017cliwe. W zwi\u0105zku z tym obchodzimy si\u0119 z danymi osobowymi u\u017cytkownik\u00f3w w spos\u00f3b ostro\u017cny, bezpieczny i poufny. Wi\u0119cej informacji na ten temat mo\u017cna znale\u017a\u0107 w naszym o\u015bwiadczeniu o ochronie prywatno\u015bci. Rozgl\u0105dasz si\u0119 ju\u017c, aby zobaczy\u0107, [&hellip;]<\/p>\n","protected":false},"author":1,"featured_media":0,"parent":0,"menu_order":0,"comment_status":"closed","ping_status":"closed","template":"","meta":{"_acf_changed":false,"footnotes":""},"class_list":["post-1171","page","type-page","status-publish","hentry"],"acf":[],"_links":{"self":[{"href":"https:\/\/centraljob.nl\/pl\/wp-json\/wp\/v2\/pages\/1171","targetHints":{"allow":["GET"]}}],"collection":[{"href":"https:\/\/centraljob.nl\/pl\/wp-json\/wp\/v2\/pages"}],"about":[{"href":"https:\/\/centraljob.nl\/pl\/wp-json\/wp\/v2\/types\/page"}],"author":[{"embeddable":true,"href":"https:\/\/centraljob.nl\/pl\/wp-json\/wp\/v2\/users\/1"}],"replies":[{"embeddable":true,"href":"https:\/\/centraljob.nl\/pl\/wp-json\/wp\/v2\/comments?post=1171"}],"version-history":[{"count":1,"href":"https:\/\/centraljob.nl\/pl\/wp-json\/wp\/v2\/pages\/1171\/revisions"}],"predecessor-version":[{"id":1173,"href":"https:\/\/centraljob.nl\/pl\/wp-json\/wp\/v2\/pages\/1171\/revisions\/1173"}],"wp:attachment":[{"href":"https:\/\/centraljob.nl\/pl\/wp-json\/wp\/v2\/media?parent=1171"}],"curies":[{"name":"wp","href":"https:\/\/api.w.org\/{rel}","templated":true}]}}